{"id":2733,"date":"2021-07-14T23:01:18","date_gmt":"2021-07-14T16:01:18","guid":{"rendered":"https:\/\/actioncoachdoanhchu.com\/?page_id=2733"},"modified":"2021-07-14T23:03:50","modified_gmt":"2021-07-14T16:03:50","slug":"video-moi-cap-nhat","status":"publish","type":"page","link":"https:\/\/isharkcoaching.com\/en\/video-moi-cap-nhat\/","title":{"rendered":"Video m\u1edbi c\u1eadp nh\u1eadt"},"content":{"rendered":"\t\t<div data-elementor-type=\"wp-page\" data-elementor-id=\"2733\" class=\"elementor elementor-2733\" data-elementor-post-type=\"page\">\n\t\t\t\t\t\t\t\t\t<section class=\"elementor-section elementor-top-section elementor-element elementor-element-7f208dc elementor-section-boxed elementor-section-height-default elementor-section-height-default\" data-id=\"7f208dc\" data-element_type=\"section\">\n\t\t\t\t\t\t<div class=\"elementor-container elementor-column-gap-default\">\n\t\t\t\t\t<div class=\"elementor-column elementor-col-100 elementor-top-column elementor-element elementor-element-7356bb6\" data-id=\"7356bb6\" data-element_type=\"column\">\n\t\t\t<div class=\"elementor-widget-wrap elementor-element-populated\">\n\t\t\t\t\t\t\t\t<div class=\"elementor-element elementor-element-249f0a5 elementor-widget elementor-widget-actioncoach-video-post-widget\" data-id=\"249f0a5\" data-element_type=\"widget\" data-widget_type=\"actioncoach-video-post-widget.default\">\n\t\t\t\t<div class=\"elementor-widget-container\">\n\t\t\t\t\t\t<div class=\"actioncoach-video-slider actioncoach-video-post\">\n\t\t\t\t<div class=\"actioncoach-video-wrapp\">\n\t\t\t\t\t\t\t\t\t\t\t\t<div class=\"actioncoach-video-wrapper\">\n\t\t\t\t\t\t\t\t<div class=\"video-wrapp-head\">\n\t\t\t\t\t\t\t\t\t<a href=\"https:\/\/youtu.be\/fLRIyOQ7aBA\" data-lity >\n\t\t\t\t\t\t\t\t\t\t<img loading=\"lazy\" decoding=\"async\" width=\"1280\" height=\"720\" src=\"https:\/\/isharkcoaching.com\/wp-content\/uploads\/2021\/06\/6buoc-julia.jpg\" class=\"attachment-post-thumbnail size-post-thumbnail wp-post-image\" alt=\"\" srcset=\"https:\/\/isharkcoaching.com\/wp-content\/uploads\/2021\/06\/6buoc-julia.jpg 1280w, https:\/\/isharkcoaching.com\/wp-content\/uploads\/2021\/06\/6buoc-julia-600x338.jpg 600w, https:\/\/isharkcoaching.com\/wp-content\/uploads\/2021\/06\/6buoc-julia-300x169.jpg 300w, https:\/\/isharkcoaching.com\/wp-content\/uploads\/2021\/06\/6buoc-julia-1024x576.jpg 1024w, https:\/\/isharkcoaching.com\/wp-content\/uploads\/2021\/06\/6buoc-julia-768x432.jpg 768w\" sizes=\"(max-width: 1280px) 100vw, 1280px\" \/>\t\t\t\t\t\t\t\t\t<\/a>\n\t\t\t\t\t\t\t\t\t<!-- Project image -->\n\t\t\t\t\t\t\t\t\t<a href=\"https:\/\/youtu.be\/fLRIyOQ7aBA\" data-lity class=\"video-trailer-btn\">\n\t\t\t\t\t\t\t\t\t\t<img decoding=\"async\" src=\"\/wp-content\/uploads\/2021\/07\/icon-play.png\" alt=\"icon-play\">\n\t\t\t\t\t\t\t\t\t<\/a>\n\t\t\t\t\t\t\t\t\t<!-- project button -->\n\t\t\t\t\t\t\t\t<\/div>\n\t\t\t\t\t\t\t\t<div class=\"video-wrapp-content\">\n\t\t\t\t\t\t\t\t\t<h3 class=\"video-title\">\n\t\t\t\t\t\t\t\t\t\t<a href=\"https:\/\/isharkcoaching.com\/en\/video\/6-buoc-xay-dung-doanh-nghiep-bai-ban\/\">\n\t\t\t\t\t\t\t\t\t\t\t6 b\u01b0\u1edbc x\u00e2y d\u1ef1ng doanh nghi\u1ec7p b\u00e0i b\u1ea3n\t\t\t\t\t\t\t\t\t\t<\/a>\n\t\t\t\t\t\t\t\t\t<\/h3>\n\t\t\t\t\t\t\t\t\t\t\t\t\t\t\t\t\t\t<div class=\"meta-share\">\n\t\t\t\t\t\t\t\t\t\t<div class=\"fb-share-button\" data-href=\"https:\/\/developers.facebook.com\/docs\/plugins\/\" data-layout=\"button\" data-size=\"small\"><a target=\"_blank\" href=\"https:\/\/www.facebook.com\/sharer\/sharer.php?u=https%3A%2F%2Fdevelopers.facebook.com%2Fdocs%2Fplugins%2F&amp;src=sdkpreparse\" class=\"fb-xfbml-parse-ignore\"><\/a><\/div>\n\t\t\t\t\t\t\t\t\t\t<div class=\"zalo-share-button\" data-href=\"\" data-oaid=\"579745863508352884\" data-layout=\"1\" data-color=\"blue\" data-customize=false><\/div>\n\t\t\t\t\t\t\t\t\t<\/div>\n\t\t\t\t\t\t\t\t<\/div>\n\t\t\t\t\t\t\t<\/div>\n\t\t\t\t\t\t\t\t\t\t\t\t\t<div class=\"actioncoach-video-wrapper\">\n\t\t\t\t\t\t\t\t<div class=\"video-wrapp-head\">\n\t\t\t\t\t\t\t\t\t<a href=\"https:\/\/youtu.be\/ZjiX8Q8UrPQ\" data-lity >\n\t\t\t\t\t\t\t\t\t\t\t\t\t\t\t\t\t\t\t<\/a>\n\t\t\t\t\t\t\t\t\t<!-- Project image -->\n\t\t\t\t\t\t\t\t\t<a href=\"https:\/\/youtu.be\/ZjiX8Q8UrPQ\" data-lity class=\"video-trailer-btn\">\n\t\t\t\t\t\t\t\t\t\t<img decoding=\"async\" src=\"\/wp-content\/uploads\/2021\/07\/icon-play.png\" alt=\"icon-play\">\n\t\t\t\t\t\t\t\t\t<\/a>\n\t\t\t\t\t\t\t\t\t<!-- project button -->\n\t\t\t\t\t\t\t\t<\/div>\n\t\t\t\t\t\t\t\t<div class=\"video-wrapp-content\">\n\t\t\t\t\t\t\t\t\t<h3 class=\"video-title\">\n\t\t\t\t\t\t\t\t\t\t<a href=\"https:\/\/isharkcoaching.com\/en\/video\/3557-2\/\">\n\t\t\t\t\t\t\t\t\t\t\tChia s\u1ebb c\u1ee7a kh\u00e1ch h\u00e0ng khi tham gia ch\u01b0\u01a1ng tr\u00ecnh VACCINE DOANH NGHI\u1ec6P m\u0169i 1 &#8211; 6 CHI\u1ebeN L\u01af\u1ee2C S\u1ed0NG C\u00d2N C\u1ea6N \u00c1P D\u1ee4NG NGAY\t\t\t\t\t\t\t\t\t\t<\/a>\n\t\t\t\t\t\t\t\t\t<\/h3>\n\t\t\t\t\t\t\t\t\t\t\t\t\t\t\t\t\t\t<div class=\"meta-share\">\n\t\t\t\t\t\t\t\t\t\t<div class=\"fb-share-button\" data-href=\"https:\/\/developers.facebook.com\/docs\/plugins\/\" data-layout=\"button\" data-size=\"small\"><a target=\"_blank\" href=\"https:\/\/www.facebook.com\/sharer\/sharer.php?u=https%3A%2F%2Fdevelopers.facebook.com%2Fdocs%2Fplugins%2F&amp;src=sdkpreparse\" class=\"fb-xfbml-parse-ignore\"><\/a><\/div>\n\t\t\t\t\t\t\t\t\t\t<div class=\"zalo-share-button\" data-href=\"\" data-oaid=\"579745863508352884\" data-layout=\"1\" data-color=\"blue\" data-customize=false><\/div>\n\t\t\t\t\t\t\t\t\t<\/div>\n\t\t\t\t\t\t\t\t<\/div>\n\t\t\t\t\t\t\t<\/div>\n\t\t\t\t\t\t\t\t\t\t\t\t\t<div class=\"actioncoach-video-wrapper\">\n\t\t\t\t\t\t\t\t<div class=\"video-wrapp-head\">\n\t\t\t\t\t\t\t\t\t<a href=\"https:\/\/www.youtube.com\/watch?v=36XrknvE0CE&#038;list=PLIucLytFWLavsUhhhKl0yST7jDr-qclI9&#038;index=1\" data-lity >\n\t\t\t\t\t\t\t\t\t\t<img loading=\"lazy\" decoding=\"async\" width=\"1280\" height=\"720\" src=\"https:\/\/isharkcoaching.com\/wp-content\/uploads\/2021\/09\/1-1.jpg\" class=\"attachment-post-thumbnail size-post-thumbnail wp-post-image\" alt=\"\" srcset=\"https:\/\/isharkcoaching.com\/wp-content\/uploads\/2021\/09\/1-1.jpg 1280w, https:\/\/isharkcoaching.com\/wp-content\/uploads\/2021\/09\/1-1-300x169.jpg 300w, https:\/\/isharkcoaching.com\/wp-content\/uploads\/2021\/09\/1-1-1024x576.jpg 1024w, https:\/\/isharkcoaching.com\/wp-content\/uploads\/2021\/09\/1-1-768x432.jpg 768w, https:\/\/isharkcoaching.com\/wp-content\/uploads\/2021\/09\/1-1-600x338.jpg 600w\" sizes=\"(max-width: 1280px) 100vw, 1280px\" \/>\t\t\t\t\t\t\t\t\t<\/a>\n\t\t\t\t\t\t\t\t\t<!-- Project image -->\n\t\t\t\t\t\t\t\t\t<a href=\"https:\/\/www.youtube.com\/watch?v=36XrknvE0CE&#038;list=PLIucLytFWLavsUhhhKl0yST7jDr-qclI9&#038;index=1\" data-lity class=\"video-trailer-btn\">\n\t\t\t\t\t\t\t\t\t\t<img decoding=\"async\" src=\"\/wp-content\/uploads\/2021\/07\/icon-play.png\" alt=\"icon-play\">\n\t\t\t\t\t\t\t\t\t<\/a>\n\t\t\t\t\t\t\t\t\t<!-- project button -->\n\t\t\t\t\t\t\t\t<\/div>\n\t\t\t\t\t\t\t\t<div class=\"video-wrapp-content\">\n\t\t\t\t\t\t\t\t\t<h3 class=\"video-title\">\n\t\t\t\t\t\t\t\t\t\t<a href=\"https:\/\/isharkcoaching.com\/en\/video\/5-cach-gia-tang-loi-nhuan-cho-dn-cac-giai-phap-giup-gia-tang-so-luong-khach-hang-tiem-nang\/\">\n\t\t\t\t\t\t\t\t\t\t\t5 WAYS &#8211; C\u00e1c gi\u1ea3i ph\u00e1p gi\u00fap gia t\u0103ng s\u1ed1 l\u01b0\u1ee3ng Kh\u00e1ch H\u00e0ng ti\u1ec1m n\u0103ng\t\t\t\t\t\t\t\t\t\t<\/a>\n\t\t\t\t\t\t\t\t\t<\/h3>\n\t\t\t\t\t\t\t\t\t<p>Coach Julia Nguy\u1ec5n Thanh H\u00e0 s\u1ebd chia s\u1ebb c\u00e1c gi\u1ea3i ph\u00e1p gi\u00fap gia t\u0103ng l\u01b0\u1ee3ng Kh\u00e1ch H\u00e0ng ti\u1ec1m n\u0103ng cho Doanh nghi\u1ec7p.<\/p>\n\t\t\t\t\t\t\t\t\t<div class=\"meta-share\">\n\t\t\t\t\t\t\t\t\t\t<div class=\"fb-share-button\" data-href=\"https:\/\/developers.facebook.com\/docs\/plugins\/\" data-layout=\"button\" data-size=\"small\"><a target=\"_blank\" href=\"https:\/\/www.facebook.com\/sharer\/sharer.php?u=https%3A%2F%2Fdevelopers.facebook.com%2Fdocs%2Fplugins%2F&amp;src=sdkpreparse\" class=\"fb-xfbml-parse-ignore\"><\/a><\/div>\n\t\t\t\t\t\t\t\t\t\t<div class=\"zalo-share-button\" data-href=\"\" data-oaid=\"579745863508352884\" data-layout=\"1\" data-color=\"blue\" data-customize=false><\/div>\n\t\t\t\t\t\t\t\t\t<\/div>\n\t\t\t\t\t\t\t\t<\/div>\n\t\t\t\t\t\t\t<\/div>\n\t\t\t\t\t\t\t\t\t\t\t\t\t<div class=\"actioncoach-video-wrapper\">\n\t\t\t\t\t\t\t\t<div class=\"video-wrapp-head\">\n\t\t\t\t\t\t\t\t\t<a href=\"https:\/\/youtu.be\/qAitUlc5EVY\" data-lity >\n\t\t\t\t\t\t\t\t\t\t<img loading=\"lazy\" decoding=\"async\" width=\"1280\" height=\"720\" src=\"https:\/\/isharkcoaching.com\/wp-content\/uploads\/2021\/09\/1-1.jpg\" class=\"attachment-post-thumbnail size-post-thumbnail wp-post-image\" alt=\"\" srcset=\"https:\/\/isharkcoaching.com\/wp-content\/uploads\/2021\/09\/1-1.jpg 1280w, https:\/\/isharkcoaching.com\/wp-content\/uploads\/2021\/09\/1-1-300x169.jpg 300w, https:\/\/isharkcoaching.com\/wp-content\/uploads\/2021\/09\/1-1-1024x576.jpg 1024w, https:\/\/isharkcoaching.com\/wp-content\/uploads\/2021\/09\/1-1-768x432.jpg 768w, https:\/\/isharkcoaching.com\/wp-content\/uploads\/2021\/09\/1-1-600x338.jpg 600w\" sizes=\"(max-width: 1280px) 100vw, 1280px\" \/>\t\t\t\t\t\t\t\t\t<\/a>\n\t\t\t\t\t\t\t\t\t<!-- Project image -->\n\t\t\t\t\t\t\t\t\t<a href=\"https:\/\/youtu.be\/qAitUlc5EVY\" data-lity class=\"video-trailer-btn\">\n\t\t\t\t\t\t\t\t\t\t<img decoding=\"async\" src=\"\/wp-content\/uploads\/2021\/07\/icon-play.png\" alt=\"icon-play\">\n\t\t\t\t\t\t\t\t\t<\/a>\n\t\t\t\t\t\t\t\t\t<!-- project button -->\n\t\t\t\t\t\t\t\t<\/div>\n\t\t\t\t\t\t\t\t<div class=\"video-wrapp-content\">\n\t\t\t\t\t\t\t\t\t<h3 class=\"video-title\">\n\t\t\t\t\t\t\t\t\t\t<a href=\"https:\/\/isharkcoaching.com\/en\/video\/5-ways-gia-tang-ti-le-chuyen-doi-trong-hoat-dong-ban-hang\/\">\n\t\t\t\t\t\t\t\t\t\t\t5 WAYS &#8211; Gia t\u0103ng t\u1ec9 l\u1ec7 chuy\u1ec3n \u0111\u1ed5i trong ho\u1ea1t \u0111\u1ed9ng b\u00e1n h\u00e0ng\t\t\t\t\t\t\t\t\t\t<\/a>\n\t\t\t\t\t\t\t\t\t<\/h3>\n\t\t\t\t\t\t\t\t\t<p>Hi\u1ec7u qu\u1ea3 v\u00e0 hi\u1ec7u su\u1ea5t c\u1ee7a ho\u1ea1t \u0111\u1ed9ng b\u00e1n h\u00e0ng \u0111\u01b0\u1ee3c \u0111o l\u01b0\u1eddng b\u1eb1ng ch\u1ec9 s\u1ed1 t\u1ec9 l\u1ec7 chuy\u1ec3n \u0111\u1ed5i. V\u1eady l\u00e0m th\u1ebf n\u00e0o \u0111\u1ec3 GIA T\u0102NG T\u1ec8 L\u1ec6 CHUY\u1ec2N \u0110\u1ed4I trong DN ?<\/p>\n\t\t\t\t\t\t\t\t\t<div class=\"meta-share\">\n\t\t\t\t\t\t\t\t\t\t<div class=\"fb-share-button\" data-href=\"https:\/\/developers.facebook.com\/docs\/plugins\/\" data-layout=\"button\" data-size=\"small\"><a target=\"_blank\" href=\"https:\/\/www.facebook.com\/sharer\/sharer.php?u=https%3A%2F%2Fdevelopers.facebook.com%2Fdocs%2Fplugins%2F&amp;src=sdkpreparse\" class=\"fb-xfbml-parse-ignore\"><\/a><\/div>\n\t\t\t\t\t\t\t\t\t\t<div class=\"zalo-share-button\" data-href=\"\" data-oaid=\"579745863508352884\" data-layout=\"1\" data-color=\"blue\" data-customize=false><\/div>\n\t\t\t\t\t\t\t\t\t<\/div>\n\t\t\t\t\t\t\t\t<\/div>\n\t\t\t\t\t\t\t<\/div>\n\t\t\t\t\t\t\t\t\t\t\t\t\t<div class=\"actioncoach-video-wrapper\">\n\t\t\t\t\t\t\t\t<div class=\"video-wrapp-head\">\n\t\t\t\t\t\t\t\t\t<a href=\"https:\/\/youtu.be\/kK1OX9tXkMc\" data-lity >\n\t\t\t\t\t\t\t\t\t\t<img loading=\"lazy\" decoding=\"async\" width=\"1280\" height=\"720\" src=\"https:\/\/isharkcoaching.com\/wp-content\/uploads\/2021\/09\/1-1.jpg\" class=\"attachment-post-thumbnail size-post-thumbnail wp-post-image\" alt=\"\" srcset=\"https:\/\/isharkcoaching.com\/wp-content\/uploads\/2021\/09\/1-1.jpg 1280w, https:\/\/isharkcoaching.com\/wp-content\/uploads\/2021\/09\/1-1-300x169.jpg 300w, https:\/\/isharkcoaching.com\/wp-content\/uploads\/2021\/09\/1-1-1024x576.jpg 1024w, https:\/\/isharkcoaching.com\/wp-content\/uploads\/2021\/09\/1-1-768x432.jpg 768w, https:\/\/isharkcoaching.com\/wp-content\/uploads\/2021\/09\/1-1-600x338.jpg 600w\" sizes=\"(max-width: 1280px) 100vw, 1280px\" \/>\t\t\t\t\t\t\t\t\t<\/a>\n\t\t\t\t\t\t\t\t\t<!-- Project image -->\n\t\t\t\t\t\t\t\t\t<a href=\"https:\/\/youtu.be\/kK1OX9tXkMc\" data-lity class=\"video-trailer-btn\">\n\t\t\t\t\t\t\t\t\t\t<img decoding=\"async\" src=\"\/wp-content\/uploads\/2021\/07\/icon-play.png\" alt=\"icon-play\">\n\t\t\t\t\t\t\t\t\t<\/a>\n\t\t\t\t\t\t\t\t\t<!-- project button -->\n\t\t\t\t\t\t\t\t<\/div>\n\t\t\t\t\t\t\t\t<div class=\"video-wrapp-content\">\n\t\t\t\t\t\t\t\t\t<h3 class=\"video-title\">\n\t\t\t\t\t\t\t\t\t\t<a href=\"https:\/\/isharkcoaching.com\/en\/video\/5-ways-cac-giai-phap-gia-tang-so-lan-mua-hang\/\">\n\t\t\t\t\t\t\t\t\t\t\t5 WAYS &#8211; C\u00e1c gi\u1ea3i ph\u00e1p gia t\u0103ng s\u1ed1 l\u1ea7n mua h\u00e0ng\t\t\t\t\t\t\t\t\t\t<\/a>\n\t\t\t\t\t\t\t\t\t<\/h3>\n\t\t\t\t\t\t\t\t\t<p>Marketing l\u00e0 1 kho\u1ea3n \u0111\u1ea7u t\u01b0, v\u00e0 l\u00e0m th\u1ebf n\u00e0o \u0111\u1ec3 ch\u00fang ta t\u1ed1i \u01b0u \u0111\u01b0\u1ee3c ho\u1ea1t \u0111\u1ed9ng marketing \u0111\u1ec3 ra \u0111\u01b0\u1ee3c k\u1ebft qu\u1ea3 ?<\/p>\n\t\t\t\t\t\t\t\t\t<div class=\"meta-share\">\n\t\t\t\t\t\t\t\t\t\t<div class=\"fb-share-button\" data-href=\"https:\/\/developers.facebook.com\/docs\/plugins\/\" data-layout=\"button\" data-size=\"small\"><a target=\"_blank\" href=\"https:\/\/www.facebook.com\/sharer\/sharer.php?u=https%3A%2F%2Fdevelopers.facebook.com%2Fdocs%2Fplugins%2F&amp;src=sdkpreparse\" class=\"fb-xfbml-parse-ignore\"><\/a><\/div>\n\t\t\t\t\t\t\t\t\t\t<div class=\"zalo-share-button\" data-href=\"\" data-oaid=\"579745863508352884\" data-layout=\"1\" data-color=\"blue\" data-customize=false><\/div>\n\t\t\t\t\t\t\t\t\t<\/div>\n\t\t\t\t\t\t\t\t<\/div>\n\t\t\t\t\t\t\t<\/div>\n\t\t\t\t\t\t\t\t\t\t\t\t\t<div class=\"actioncoach-video-wrapper\">\n\t\t\t\t\t\t\t\t<div class=\"video-wrapp-head\">\n\t\t\t\t\t\t\t\t\t<a href=\"https:\/\/youtu.be\/vly9fb3BSxA\" data-lity >\n\t\t\t\t\t\t\t\t\t\t<img loading=\"lazy\" decoding=\"async\" width=\"1280\" height=\"720\" src=\"https:\/\/isharkcoaching.com\/wp-content\/uploads\/2021\/09\/1-1.jpg\" class=\"attachment-post-thumbnail size-post-thumbnail wp-post-image\" alt=\"\" srcset=\"https:\/\/isharkcoaching.com\/wp-content\/uploads\/2021\/09\/1-1.jpg 1280w, https:\/\/isharkcoaching.com\/wp-content\/uploads\/2021\/09\/1-1-300x169.jpg 300w, https:\/\/isharkcoaching.com\/wp-content\/uploads\/2021\/09\/1-1-1024x576.jpg 1024w, https:\/\/isharkcoaching.com\/wp-content\/uploads\/2021\/09\/1-1-768x432.jpg 768w, https:\/\/isharkcoaching.com\/wp-content\/uploads\/2021\/09\/1-1-600x338.jpg 600w\" sizes=\"(max-width: 1280px) 100vw, 1280px\" \/>\t\t\t\t\t\t\t\t\t<\/a>\n\t\t\t\t\t\t\t\t\t<!-- Project image -->\n\t\t\t\t\t\t\t\t\t<a href=\"https:\/\/youtu.be\/vly9fb3BSxA\" data-lity class=\"video-trailer-btn\">\n\t\t\t\t\t\t\t\t\t\t<img decoding=\"async\" src=\"\/wp-content\/uploads\/2021\/07\/icon-play.png\" alt=\"icon-play\">\n\t\t\t\t\t\t\t\t\t<\/a>\n\t\t\t\t\t\t\t\t\t<!-- project button -->\n\t\t\t\t\t\t\t\t<\/div>\n\t\t\t\t\t\t\t\t<div class=\"video-wrapp-content\">\n\t\t\t\t\t\t\t\t\t<h3 class=\"video-title\">\n\t\t\t\t\t\t\t\t\t\t<a href=\"https:\/\/isharkcoaching.com\/en\/video\/5-ways-5-giai-phap-gia-tang-gia-tri-don-hang\/\">\n\t\t\t\t\t\t\t\t\t\t\t5 WAYS &#8211; 5 gi\u1ea3i ph\u00e1p gia t\u0103ng gi\u00e1 tr\u1ecb \u0111\u01a1n h\u00e0ng\t\t\t\t\t\t\t\t\t\t<\/a>\n\t\t\t\t\t\t\t\t\t<\/h3>\n\t\t\t\t\t\t\t\t\t<p>Kh\u00f4ng ph\u1ea3i m\u1eb7t h\u00e0ng n\u00e0o c\u0169ng khi\u1ebfn KH mua l\u1ea1i nhi\u1ec1u l\u1ea7n, v\u1eady n\u00ean, th\u00eam 1 gi\u1ea3i ph\u00e1p gia t\u0103ng l\u1ee3i nhu\u1eadn cho DN \u0111\u1ea5y l\u00e0 GIA T\u0102NG GI\u00c1 TR\u1eca \u0110\u01a0N H\u00c0NG !<\/p>\n\t\t\t\t\t\t\t\t\t<div class=\"meta-share\">\n\t\t\t\t\t\t\t\t\t\t<div class=\"fb-share-button\" data-href=\"https:\/\/developers.facebook.com\/docs\/plugins\/\" data-layout=\"button\" data-size=\"small\"><a target=\"_blank\" href=\"https:\/\/www.facebook.com\/sharer\/sharer.php?u=https%3A%2F%2Fdevelopers.facebook.com%2Fdocs%2Fplugins%2F&amp;src=sdkpreparse\" class=\"fb-xfbml-parse-ignore\"><\/a><\/div>\n\t\t\t\t\t\t\t\t\t\t<div class=\"zalo-share-button\" data-href=\"\" data-oaid=\"579745863508352884\" data-layout=\"1\" data-color=\"blue\" data-customize=false><\/div>\n\t\t\t\t\t\t\t\t\t<\/div>\n\t\t\t\t\t\t\t\t<\/div>\n\t\t\t\t\t\t\t<\/div>\n\t\t\t\t\t\t\t\t\t\t\t\t\t<div class=\"actioncoach-video-wrapper\">\n\t\t\t\t\t\t\t\t<div class=\"video-wrapp-head\">\n\t\t\t\t\t\t\t\t\t<a href=\"https:\/\/youtu.be\/ejRUCxgAs2E\" data-lity >\n\t\t\t\t\t\t\t\t\t\t<img loading=\"lazy\" decoding=\"async\" width=\"1280\" height=\"720\" src=\"https:\/\/isharkcoaching.com\/wp-content\/uploads\/2021\/09\/1-1.jpg\" class=\"attachment-post-thumbnail size-post-thumbnail wp-post-image\" alt=\"\" srcset=\"https:\/\/isharkcoaching.com\/wp-content\/uploads\/2021\/09\/1-1.jpg 1280w, https:\/\/isharkcoaching.com\/wp-content\/uploads\/2021\/09\/1-1-300x169.jpg 300w, https:\/\/isharkcoaching.com\/wp-content\/uploads\/2021\/09\/1-1-1024x576.jpg 1024w, https:\/\/isharkcoaching.com\/wp-content\/uploads\/2021\/09\/1-1-768x432.jpg 768w, https:\/\/isharkcoaching.com\/wp-content\/uploads\/2021\/09\/1-1-600x338.jpg 600w\" sizes=\"(max-width: 1280px) 100vw, 1280px\" \/>\t\t\t\t\t\t\t\t\t<\/a>\n\t\t\t\t\t\t\t\t\t<!-- Project image -->\n\t\t\t\t\t\t\t\t\t<a href=\"https:\/\/youtu.be\/ejRUCxgAs2E\" data-lity class=\"video-trailer-btn\">\n\t\t\t\t\t\t\t\t\t\t<img decoding=\"async\" src=\"\/wp-content\/uploads\/2021\/07\/icon-play.png\" alt=\"icon-play\">\n\t\t\t\t\t\t\t\t\t<\/a>\n\t\t\t\t\t\t\t\t\t<!-- project button -->\n\t\t\t\t\t\t\t\t<\/div>\n\t\t\t\t\t\t\t\t<div class=\"video-wrapp-content\">\n\t\t\t\t\t\t\t\t\t<h3 class=\"video-title\">\n\t\t\t\t\t\t\t\t\t\t<a href=\"https:\/\/isharkcoaching.com\/en\/video\/9744-2\/\">\n\t\t\t\t\t\t\t\t\t\t\t5 WAYS &#8211; Gia t\u0103ng t\u1ef7 su\u1ea5t l\u1ee3i nhu\u1eadn\t\t\t\t\t\t\t\t\t\t<\/a>\n\t\t\t\t\t\t\t\t\t<\/h3>\n\t\t\t\t\t\t\t\t\t<p>N\u1ebfu ho\u1ea1t \u0111\u1ed9ng b\u00e1n h\u00e0ng t\u1ed1t nh\u01b0ng t\u1ef7 su\u1ea5t l\u1ee3i nhu\u1eadn th\u1ea5p ho\u1eb7c kh\u00f4ng c\u00f3 l\u1ee3i nhu\u1eadn th\u00ec c\u0169ng mang l\u1ea1i nhi\u1ec1u gi\u00e1 tr\u1ecb cho DN.<\/p>\n\t\t\t\t\t\t\t\t\t<div class=\"meta-share\">\n\t\t\t\t\t\t\t\t\t\t<div class=\"fb-share-button\" data-href=\"https:\/\/developers.facebook.com\/docs\/plugins\/\" data-layout=\"button\" data-size=\"small\"><a target=\"_blank\" href=\"https:\/\/www.facebook.com\/sharer\/sharer.php?u=https%3A%2F%2Fdevelopers.facebook.com%2Fdocs%2Fplugins%2F&amp;src=sdkpreparse\" class=\"fb-xfbml-parse-ignore\"><\/a><\/div>\n\t\t\t\t\t\t\t\t\t\t<div class=\"zalo-share-button\" data-href=\"\" data-oaid=\"579745863508352884\" data-layout=\"1\" data-color=\"blue\" data-customize=false><\/div>\n\t\t\t\t\t\t\t\t\t<\/div>\n\t\t\t\t\t\t\t\t<\/div>\n\t\t\t\t\t\t\t<\/div>\n\t\t\t\t\t\t\t\t\t\t<\/div>\n\t\t\t\t<!-- Video wrapp -->\n\t\t\t<\/div>\n\t\t\t<!-- Action video slider -->\n\t\t\t\t<\/div>\n\t\t\t\t<\/div>\n\t\t\t\t\t<\/div>\n\t\t<\/div>\n\t\t\t\t\t\t\t<\/div>\n\t\t<\/section>\n\t\t\t\t\t\t\t<\/div>\n\t\t","protected":false},"excerpt":{"rendered":"<p>10 b\u01b0\u1edbc x\u00e2y d\u1ef1ng t\u1ea7m nh\u00ecn v\u00e0 s\u1ee9 m\u1ec7nh Lorem ipsum dolor sit amet, consectetur adipiscing elit, sed do eiusmod tempor incididunt ut labore. \u0110\u1ec9nh cao c\u1ee7a wow service, video h\u01a1n ng\u00e0n l\u1eddi n\u00f3i Lorem ipsum dolor sit amet, consectetur&#8230;<\/p>\n","protected":false},"author":17,"featured_media":0,"parent":0,"menu_order":0,"comment_status":"closed","ping_status":"closed","template":"","meta":{"footnotes":""},"acf":[],"yoast_head":"<!-- This site is optimized with the Yoast SEO plugin v21.5 - https:\/\/yoast.com\/wordpress\/plugins\/seo\/ -->\n<title>Video m\u1edbi c\u1eadp nh\u1eadt - ActionCOACH Doanh Ch\u1ee7<\/title>\n<meta name=\"robots\" content=\"index, follow, max-snippet:-1, max-image-preview:large, max-video-preview:-1\" \/>\n<link rel=\"canonical\" href=\"https:\/\/isharkcoaching.com\/video-moi-cap-nhat\/\" \/>\n<meta property=\"og:locale\" content=\"en_US\" \/>\n<meta property=\"og:type\" content=\"article\" \/>\n<meta property=\"og:title\" content=\"Video m\u1edbi c\u1eadp nh\u1eadt - ActionCOACH Doanh Ch\u1ee7\" \/>\n<meta property=\"og:description\" content=\"10 b\u01b0\u1edbc x\u00e2y d\u1ef1ng t\u1ea7m nh\u00ecn v\u00e0 s\u1ee9 m\u1ec7nh Lorem ipsum dolor sit amet, consectetur adipiscing elit, sed do eiusmod tempor incididunt ut labore. \u0110\u1ec9nh cao c\u1ee7a wow service, video h\u01a1n ng\u00e0n l\u1eddi n\u00f3i Lorem ipsum dolor sit amet, consectetur...\" \/>\n<meta property=\"og:url\" content=\"https:\/\/isharkcoaching.com\/video-moi-cap-nhat\/\" \/>\n<meta property=\"og:site_name\" content=\"ActionCOACH Doanh Ch\u1ee7\" \/>\n<meta property=\"article:modified_time\" content=\"2021-07-14T16:03:50+00:00\" \/>\n<meta property=\"og:image\" content=\"https:\/\/actioncoachdoanhchu.com\/wp-content\/uploads\/2021\/06\/action-image03.jpg\" \/>\n<meta name=\"twitter:card\" content=\"summary_large_image\" \/>\n<meta name=\"twitter:label1\" content=\"Est. reading time\" \/>\n\t<meta name=\"twitter:data1\" content=\"1 minute\" \/>\n<script type=\"application\/ld+json\" class=\"yoast-schema-graph\">{\"@context\":\"https:\/\/schema.org\",\"@graph\":[{\"@type\":\"WebPage\",\"@id\":\"https:\/\/isharkcoaching.com\/video-moi-cap-nhat\/\",\"url\":\"https:\/\/isharkcoaching.com\/video-moi-cap-nhat\/\",\"name\":\"Video m\u1edbi c\u1eadp nh\u1eadt - ActionCOACH Doanh Ch\u1ee7\",\"isPartOf\":{\"@id\":\"https:\/\/isharkcoaching.com\/#website\"},\"datePublished\":\"2021-07-14T16:01:18+00:00\",\"dateModified\":\"2021-07-14T16:03:50+00:00\",\"breadcrumb\":{\"@id\":\"https:\/\/isharkcoaching.com\/video-moi-cap-nhat\/#breadcrumb\"},\"inLanguage\":\"en-US\",\"potentialAction\":[{\"@type\":\"ReadAction\",\"target\":[\"https:\/\/isharkcoaching.com\/video-moi-cap-nhat\/\"]}]},{\"@type\":\"BreadcrumbList\",\"@id\":\"https:\/\/isharkcoaching.com\/video-moi-cap-nhat\/#breadcrumb\",\"itemListElement\":[{\"@type\":\"ListItem\",\"position\":1,\"name\":\"Trang ch\u1ee7\",\"item\":\"https:\/\/isharkcoaching.com\/en\/\"},{\"@type\":\"ListItem\",\"position\":2,\"name\":\"Video m\u1edbi c\u1eadp nh\u1eadt\"}]},{\"@type\":\"WebSite\",\"@id\":\"https:\/\/isharkcoaching.com\/#website\",\"url\":\"https:\/\/isharkcoaching.com\/\",\"name\":\"ActionCOACH Doanh Ch\u1ee7\",\"description\":\"ActionCOACH Doanh Ch\u1ee7\",\"publisher\":{\"@id\":\"https:\/\/isharkcoaching.com\/#organization\"},\"potentialAction\":[{\"@type\":\"SearchAction\",\"target\":{\"@type\":\"EntryPoint\",\"urlTemplate\":\"https:\/\/isharkcoaching.com\/?s={search_term_string}\"},\"query-input\":\"required name=search_term_string\"}],\"inLanguage\":\"en-US\"},{\"@type\":\"Organization\",\"@id\":\"https:\/\/isharkcoaching.com\/#organization\",\"name\":\"ActionCoach Doanh Ch\u1ee7\",\"url\":\"https:\/\/isharkcoaching.com\/\",\"logo\":{\"@type\":\"ImageObject\",\"inLanguage\":\"en-US\",\"@id\":\"https:\/\/isharkcoaching.com\/#\/schema\/logo\/image\/\",\"url\":\"https:\/\/cdn.actioncoachdoanhchu.com\/ac\/uploads\/2021\/09\/08094327\/cropped-Logo-412X122.png\",\"contentUrl\":\"https:\/\/cdn.actioncoachdoanhchu.com\/ac\/uploads\/2021\/09\/08094327\/cropped-Logo-412X122.png\",\"width\":412,\"height\":122,\"caption\":\"ActionCoach Doanh Ch\u1ee7\"},\"image\":{\"@id\":\"https:\/\/isharkcoaching.com\/#\/schema\/logo\/image\/\"}}]}<\/script>\n<!-- \/ Yoast SEO plugin. -->","yoast_head_json":{"title":"Video m\u1edbi c\u1eadp nh\u1eadt - ActionCOACH Doanh Ch\u1ee7","robots":{"index":"index","follow":"follow","max-snippet":"max-snippet:-1","max-image-preview":"max-image-preview:large","max-video-preview":"max-video-preview:-1"},"canonical":"https:\/\/isharkcoaching.com\/video-moi-cap-nhat\/","og_locale":"en_US","og_type":"article","og_title":"Video m\u1edbi c\u1eadp nh\u1eadt - ActionCOACH Doanh Ch\u1ee7","og_description":"10 b\u01b0\u1edbc x\u00e2y d\u1ef1ng t\u1ea7m nh\u00ecn v\u00e0 s\u1ee9 m\u1ec7nh Lorem ipsum dolor sit amet, consectetur adipiscing elit, sed do eiusmod tempor incididunt ut labore. \u0110\u1ec9nh cao c\u1ee7a wow service, video h\u01a1n ng\u00e0n l\u1eddi n\u00f3i Lorem ipsum dolor sit amet, consectetur...","og_url":"https:\/\/isharkcoaching.com\/video-moi-cap-nhat\/","og_site_name":"ActionCOACH Doanh Ch\u1ee7","article_modified_time":"2021-07-14T16:03:50+00:00","og_image":[{"url":"https:\/\/actioncoachdoanhchu.com\/wp-content\/uploads\/2021\/06\/action-image03.jpg"}],"twitter_card":"summary_large_image","twitter_misc":{"Est. reading time":"1 minute"},"schema":{"@context":"https:\/\/schema.org","@graph":[{"@type":"WebPage","@id":"https:\/\/isharkcoaching.com\/video-moi-cap-nhat\/","url":"https:\/\/isharkcoaching.com\/video-moi-cap-nhat\/","name":"Video m\u1edbi c\u1eadp nh\u1eadt - ActionCOACH Doanh Ch\u1ee7","isPartOf":{"@id":"https:\/\/isharkcoaching.com\/#website"},"datePublished":"2021-07-14T16:01:18+00:00","dateModified":"2021-07-14T16:03:50+00:00","breadcrumb":{"@id":"https:\/\/isharkcoaching.com\/video-moi-cap-nhat\/#breadcrumb"},"inLanguage":"en-US","potentialAction":[{"@type":"ReadAction","target":["https:\/\/isharkcoaching.com\/video-moi-cap-nhat\/"]}]},{"@type":"BreadcrumbList","@id":"https:\/\/isharkcoaching.com\/video-moi-cap-nhat\/#breadcrumb","itemListElement":[{"@type":"ListItem","position":1,"name":"Trang ch\u1ee7","item":"https:\/\/isharkcoaching.com\/en\/"},{"@type":"ListItem","position":2,"name":"Video m\u1edbi c\u1eadp nh\u1eadt"}]},{"@type":"WebSite","@id":"https:\/\/isharkcoaching.com\/#website","url":"https:\/\/isharkcoaching.com\/","name":"ActionCOACH Doanh Ch\u1ee7","description":"ActionCOACH Doanh Ch\u1ee7","publisher":{"@id":"https:\/\/isharkcoaching.com\/#organization"},"potentialAction":[{"@type":"SearchAction","target":{"@type":"EntryPoint","urlTemplate":"https:\/\/isharkcoaching.com\/?s={search_term_string}"},"query-input":"required name=search_term_string"}],"inLanguage":"en-US"},{"@type":"Organization","@id":"https:\/\/isharkcoaching.com\/#organization","name":"ActionCoach Doanh Ch\u1ee7","url":"https:\/\/isharkcoaching.com\/","logo":{"@type":"ImageObject","inLanguage":"en-US","@id":"https:\/\/isharkcoaching.com\/#\/schema\/logo\/image\/","url":"https:\/\/cdn.actioncoachdoanhchu.com\/ac\/uploads\/2021\/09\/08094327\/cropped-Logo-412X122.png","contentUrl":"https:\/\/cdn.actioncoachdoanhchu.com\/ac\/uploads\/2021\/09\/08094327\/cropped-Logo-412X122.png","width":412,"height":122,"caption":"ActionCoach Doanh Ch\u1ee7"},"image":{"@id":"https:\/\/isharkcoaching.com\/#\/schema\/logo\/image\/"}}]}},"_links":{"self":[{"href":"https:\/\/isharkcoaching.com\/en\/wp-json\/wp\/v2\/pages\/2733"}],"collection":[{"href":"https:\/\/isharkcoaching.com\/en\/wp-json\/wp\/v2\/pages"}],"about":[{"href":"https:\/\/isharkcoaching.com\/en\/wp-json\/wp\/v2\/types\/page"}],"author":[{"embeddable":true,"href":"https:\/\/isharkcoaching.com\/en\/wp-json\/wp\/v2\/users\/17"}],"replies":[{"embeddable":true,"href":"https:\/\/isharkcoaching.com\/en\/wp-json\/wp\/v2\/comments?post=2733"}],"version-history":[{"count":0,"href":"https:\/\/isharkcoaching.com\/en\/wp-json\/wp\/v2\/pages\/2733\/revisions"}],"wp:attachment":[{"href":"https:\/\/isharkcoaching.com\/en\/wp-json\/wp\/v2\/media?parent=2733"}],"curies":[{"name":"wp","href":"https:\/\/api.w.org\/{rel}","templated":true}]}}