{"id":5139,"date":"2021-08-14T15:48:45","date_gmt":"2021-08-14T08:48:45","guid":{"rendered":"https:\/\/actioncoachdoanhchu.com\/?post_type=product&#038;p=5139"},"modified":"2021-08-22T16:14:22","modified_gmt":"2021-08-22T09:14:22","slug":"bo-sach-thanh-cong-tuc-thi","status":"publish","type":"product","link":"https:\/\/isharkcoaching.com\/en\/product\/bo-sach-thanh-cong-tuc-thi\/","title":{"rendered":"B\u1ed9 s\u00e1ch th\u00e0nh c\u00f4ng t\u1ee9c th\u00ec"},"content":{"rendered":"","protected":false},"excerpt":{"rendered":"<p>B\u1ed9 s\u00e1ch th\u1ef1c chi\u1ebfn v\u1edbi h\u01a1n 1.000 chi\u1ebfn l\u01b0\u1ee3c \u0111\u1ed9t ph\u00e1 k\u1ebft qu\u1ea3 v\u1ec1 Kh\u00e1ch h\u00e0ng, Doanh thu, L\u1ee3i nhu\u1eadn, h\u1ec7 th\u1ed1ng h\u00f3a doanh nghi\u1ec7p, l\u00e3nh \u0111\u1ea1o, qu\u1ea3n tr\u1ecb nh\u00e2n s\u1ef1, \u0111\u1ea7u t\u01b0<\/p>\n","protected":false},"featured_media":5242,"comment_status":"closed","ping_status":"closed","template":"","meta":[],"product_cat":[30,28],"product_tag":[],"yoast_head":"<!-- This site is optimized with the Yoast SEO plugin v21.5 - https:\/\/yoast.com\/wordpress\/plugins\/seo\/ -->\n<title>B\u1ed9 s\u00e1ch Th\u00e0nh c\u00f4ng t\u1ee9c th\u00ec | ActionCOACH Doanh Ch\u1ee7<\/title>\n<meta name=\"description\" content=\"X\u00e2y d\u1ef1ng m\u1ed9t doanh nghi\u1ec7p th\u00e0nh c\u00f4ng c\u00f3 c\u00f4ng th\u1ee9c! Gia t\u0103ng l\u1ee3i nhu\u1eadn doanh nghi\u1ec7p c\u00f3 c\u00f4ng th\u1ee9c! B\u1ea1n c\u00f3 tin \u0111\u01b0\u1ee3c kh\u00f4ng?\" \/>\n<meta name=\"robots\" content=\"index, follow, max-snippet:-1, max-image-preview:large, max-video-preview:-1\" \/>\n<link rel=\"canonical\" href=\"https:\/\/isharkcoaching.com\/product\/bo-sach-thanh-cong-tuc-thi\/\" \/>\n<meta property=\"og:locale\" content=\"en_US\" \/>\n<meta property=\"og:type\" content=\"article\" \/>\n<meta property=\"og:title\" content=\"B\u1ed9 s\u00e1ch Th\u00e0nh c\u00f4ng t\u1ee9c th\u00ec | ActionCOACH Doanh Ch\u1ee7\" \/>\n<meta property=\"og:description\" content=\"X\u00e2y d\u1ef1ng m\u1ed9t doanh nghi\u1ec7p th\u00e0nh c\u00f4ng c\u00f3 c\u00f4ng th\u1ee9c! Gia t\u0103ng l\u1ee3i nhu\u1eadn doanh nghi\u1ec7p c\u00f3 c\u00f4ng th\u1ee9c! B\u1ea1n c\u00f3 tin \u0111\u01b0\u1ee3c kh\u00f4ng?\" \/>\n<meta property=\"og:url\" content=\"https:\/\/isharkcoaching.com\/product\/bo-sach-thanh-cong-tuc-thi\/\" \/>\n<meta property=\"og:site_name\" content=\"ActionCOACH Doanh Ch\u1ee7\" \/>\n<meta property=\"article:modified_time\" content=\"2021-08-22T09:14:22+00:00\" \/>\n<meta property=\"og:image\" content=\"https:\/\/isharkcoaching.com\/wp-content\/uploads\/2021\/08\/tctt3333-01-1.jpg\" \/>\n\t<meta property=\"og:image:width\" content=\"355\" \/>\n\t<meta property=\"og:image:height\" content=\"206\" \/>\n\t<meta property=\"og:image:type\" content=\"image\/jpeg\" \/>\n<meta name=\"twitter:card\" content=\"summary_large_image\" \/>\n<script type=\"application\/ld+json\" class=\"yoast-schema-graph\">{\"@context\":\"https:\/\/schema.org\",\"@graph\":[{\"@type\":\"WebPage\",\"@id\":\"https:\/\/isharkcoaching.com\/product\/bo-sach-thanh-cong-tuc-thi\/\",\"url\":\"https:\/\/isharkcoaching.com\/product\/bo-sach-thanh-cong-tuc-thi\/\",\"name\":\"B\u1ed9 s\u00e1ch Th\u00e0nh c\u00f4ng t\u1ee9c th\u00ec | ActionCOACH Doanh Ch\u1ee7\",\"isPartOf\":{\"@id\":\"https:\/\/isharkcoaching.com\/#website\"},\"datePublished\":\"2021-08-14T08:48:45+00:00\",\"dateModified\":\"2021-08-22T09:14:22+00:00\",\"description\":\"X\u00e2y d\u1ef1ng m\u1ed9t doanh nghi\u1ec7p th\u00e0nh c\u00f4ng c\u00f3 c\u00f4ng th\u1ee9c! Gia t\u0103ng l\u1ee3i nhu\u1eadn doanh nghi\u1ec7p c\u00f3 c\u00f4ng th\u1ee9c! B\u1ea1n c\u00f3 tin \u0111\u01b0\u1ee3c kh\u00f4ng?\",\"breadcrumb\":{\"@id\":\"https:\/\/isharkcoaching.com\/product\/bo-sach-thanh-cong-tuc-thi\/#breadcrumb\"},\"inLanguage\":\"en-US\",\"potentialAction\":[{\"@type\":\"ReadAction\",\"target\":[\"https:\/\/isharkcoaching.com\/product\/bo-sach-thanh-cong-tuc-thi\/\"]}]},{\"@type\":\"BreadcrumbList\",\"@id\":\"https:\/\/isharkcoaching.com\/product\/bo-sach-thanh-cong-tuc-thi\/#breadcrumb\",\"itemListElement\":[{\"@type\":\"ListItem\",\"position\":1,\"name\":\"Trang ch\u1ee7\",\"item\":\"https:\/\/isharkcoaching.com\/en\/\"},{\"@type\":\"ListItem\",\"position\":2,\"name\":\"Shop\",\"item\":\"https:\/\/isharkcoaching.com\/shop\/\"},{\"@type\":\"ListItem\",\"position\":3,\"name\":\"B\u1ed9 s\u00e1ch th\u00e0nh c\u00f4ng t\u1ee9c th\u00ec\"}]},{\"@type\":\"WebSite\",\"@id\":\"https:\/\/isharkcoaching.com\/#website\",\"url\":\"https:\/\/isharkcoaching.com\/\",\"name\":\"ActionCOACH Doanh Ch\u1ee7\",\"description\":\"ActionCOACH Doanh Ch\u1ee7\",\"publisher\":{\"@id\":\"https:\/\/isharkcoaching.com\/#organization\"},\"potentialAction\":[{\"@type\":\"SearchAction\",\"target\":{\"@type\":\"EntryPoint\",\"urlTemplate\":\"https:\/\/isharkcoaching.com\/?s={search_term_string}\"},\"query-input\":\"required name=search_term_string\"}],\"inLanguage\":\"en-US\"},{\"@type\":\"Organization\",\"@id\":\"https:\/\/isharkcoaching.com\/#organization\",\"name\":\"ActionCoach Doanh Ch\u1ee7\",\"url\":\"https:\/\/isharkcoaching.com\/\",\"logo\":{\"@type\":\"ImageObject\",\"inLanguage\":\"en-US\",\"@id\":\"https:\/\/isharkcoaching.com\/#\/schema\/logo\/image\/\",\"url\":\"https:\/\/cdn.actioncoachdoanhchu.com\/ac\/uploads\/2021\/09\/08094327\/cropped-Logo-412X122.png\",\"contentUrl\":\"https:\/\/cdn.actioncoachdoanhchu.com\/ac\/uploads\/2021\/09\/08094327\/cropped-Logo-412X122.png\",\"width\":412,\"height\":122,\"caption\":\"ActionCoach Doanh Ch\u1ee7\"},\"image\":{\"@id\":\"https:\/\/isharkcoaching.com\/#\/schema\/logo\/image\/\"}}]}<\/script>\n<!-- \/ Yoast SEO plugin. -->","yoast_head_json":{"title":"B\u1ed9 s\u00e1ch Th\u00e0nh c\u00f4ng t\u1ee9c th\u00ec | ActionCOACH Doanh Ch\u1ee7","description":"X\u00e2y d\u1ef1ng m\u1ed9t doanh nghi\u1ec7p th\u00e0nh c\u00f4ng c\u00f3 c\u00f4ng th\u1ee9c! Gia t\u0103ng l\u1ee3i nhu\u1eadn doanh nghi\u1ec7p c\u00f3 c\u00f4ng th\u1ee9c! B\u1ea1n c\u00f3 tin \u0111\u01b0\u1ee3c kh\u00f4ng?","robots":{"index":"index","follow":"follow","max-snippet":"max-snippet:-1","max-image-preview":"max-image-preview:large","max-video-preview":"max-video-preview:-1"},"canonical":"https:\/\/isharkcoaching.com\/product\/bo-sach-thanh-cong-tuc-thi\/","og_locale":"en_US","og_type":"article","og_title":"B\u1ed9 s\u00e1ch Th\u00e0nh c\u00f4ng t\u1ee9c th\u00ec | ActionCOACH Doanh Ch\u1ee7","og_description":"X\u00e2y d\u1ef1ng m\u1ed9t doanh nghi\u1ec7p th\u00e0nh c\u00f4ng c\u00f3 c\u00f4ng th\u1ee9c! Gia t\u0103ng l\u1ee3i nhu\u1eadn doanh nghi\u1ec7p c\u00f3 c\u00f4ng th\u1ee9c! B\u1ea1n c\u00f3 tin \u0111\u01b0\u1ee3c kh\u00f4ng?","og_url":"https:\/\/isharkcoaching.com\/product\/bo-sach-thanh-cong-tuc-thi\/","og_site_name":"ActionCOACH Doanh Ch\u1ee7","article_modified_time":"2021-08-22T09:14:22+00:00","og_image":[{"width":355,"height":206,"url":"https:\/\/isharkcoaching.com\/wp-content\/uploads\/2021\/08\/tctt3333-01-1.jpg","type":"image\/jpeg"}],"twitter_card":"summary_large_image","schema":{"@context":"https:\/\/schema.org","@graph":[{"@type":"WebPage","@id":"https:\/\/isharkcoaching.com\/product\/bo-sach-thanh-cong-tuc-thi\/","url":"https:\/\/isharkcoaching.com\/product\/bo-sach-thanh-cong-tuc-thi\/","name":"B\u1ed9 s\u00e1ch Th\u00e0nh c\u00f4ng t\u1ee9c th\u00ec | ActionCOACH Doanh Ch\u1ee7","isPartOf":{"@id":"https:\/\/isharkcoaching.com\/#website"},"datePublished":"2021-08-14T08:48:45+00:00","dateModified":"2021-08-22T09:14:22+00:00","description":"X\u00e2y d\u1ef1ng m\u1ed9t doanh nghi\u1ec7p th\u00e0nh c\u00f4ng c\u00f3 c\u00f4ng th\u1ee9c! Gia t\u0103ng l\u1ee3i nhu\u1eadn doanh nghi\u1ec7p c\u00f3 c\u00f4ng th\u1ee9c! B\u1ea1n c\u00f3 tin \u0111\u01b0\u1ee3c kh\u00f4ng?","breadcrumb":{"@id":"https:\/\/isharkcoaching.com\/product\/bo-sach-thanh-cong-tuc-thi\/#breadcrumb"},"inLanguage":"en-US","potentialAction":[{"@type":"ReadAction","target":["https:\/\/isharkcoaching.com\/product\/bo-sach-thanh-cong-tuc-thi\/"]}]},{"@type":"BreadcrumbList","@id":"https:\/\/isharkcoaching.com\/product\/bo-sach-thanh-cong-tuc-thi\/#breadcrumb","itemListElement":[{"@type":"ListItem","position":1,"name":"Trang ch\u1ee7","item":"https:\/\/isharkcoaching.com\/en\/"},{"@type":"ListItem","position":2,"name":"Shop","item":"https:\/\/isharkcoaching.com\/shop\/"},{"@type":"ListItem","position":3,"name":"B\u1ed9 s\u00e1ch th\u00e0nh c\u00f4ng t\u1ee9c th\u00ec"}]},{"@type":"WebSite","@id":"https:\/\/isharkcoaching.com\/#website","url":"https:\/\/isharkcoaching.com\/","name":"ActionCOACH Doanh Ch\u1ee7","description":"ActionCOACH Doanh Ch\u1ee7","publisher":{"@id":"https:\/\/isharkcoaching.com\/#organization"},"potentialAction":[{"@type":"SearchAction","target":{"@type":"EntryPoint","urlTemplate":"https:\/\/isharkcoaching.com\/?s={search_term_string}"},"query-input":"required name=search_term_string"}],"inLanguage":"en-US"},{"@type":"Organization","@id":"https:\/\/isharkcoaching.com\/#organization","name":"ActionCoach Doanh Ch\u1ee7","url":"https:\/\/isharkcoaching.com\/","logo":{"@type":"ImageObject","inLanguage":"en-US","@id":"https:\/\/isharkcoaching.com\/#\/schema\/logo\/image\/","url":"https:\/\/cdn.actioncoachdoanhchu.com\/ac\/uploads\/2021\/09\/08094327\/cropped-Logo-412X122.png","contentUrl":"https:\/\/cdn.actioncoachdoanhchu.com\/ac\/uploads\/2021\/09\/08094327\/cropped-Logo-412X122.png","width":412,"height":122,"caption":"ActionCoach Doanh Ch\u1ee7"},"image":{"@id":"https:\/\/isharkcoaching.com\/#\/schema\/logo\/image\/"}}]}},"_links":{"self":[{"href":"https:\/\/isharkcoaching.com\/en\/wp-json\/wp\/v3\/product\/5139"}],"collection":[{"href":"https:\/\/isharkcoaching.com\/en\/wp-json\/wp\/v3\/product"}],"about":[{"href":"https:\/\/isharkcoaching.com\/en\/wp-json\/wp\/v2\/types\/product"}],"replies":[{"embeddable":true,"href":"https:\/\/isharkcoaching.com\/en\/wp-json\/wp\/v2\/comments?post=5139"}],"wp:featuredmedia":[{"embeddable":true,"href":"https:\/\/isharkcoaching.com\/en\/wp-json\/wp\/v2\/media\/5242"}],"wp:attachment":[{"href":"https:\/\/isharkcoaching.com\/en\/wp-json\/wp\/v2\/media?parent=5139"}],"wp:term":[{"taxonomy":"product_cat","embeddable":true,"href":"https:\/\/isharkcoaching.com\/en\/wp-json\/wp\/v2\/product_cat?post=5139"},{"taxonomy":"product_tag","embeddable":true,"href":"https:\/\/isharkcoaching.com\/en\/wp-json\/wp\/v2\/product_tag?post=5139"}],"curies":[{"name":"wp","href":"https:\/\/api.w.org\/{rel}","templated":true}]}}