{"id":5169,"date":"2021-08-14T16:31:02","date_gmt":"2021-08-14T09:31:02","guid":{"rendered":"https:\/\/actioncoachdoanhchu.com\/?post_type=product&#038;p=5169"},"modified":"2021-08-14T17:12:50","modified_gmt":"2021-08-14T10:12:50","slug":"sach-disc-bi-mat-hanh-vi-chia-khoa-thanh-cong","status":"publish","type":"product","link":"https:\/\/isharkcoaching.com\/en\/product\/sach-disc-bi-mat-hanh-vi-chia-khoa-thanh-cong\/","title":{"rendered":"S\u00e1ch DISC B\u00ed m\u1eadt h\u00e0nh vi ch\u00eca kh\u00f3a th\u00e0nh c\u00f4ng"},"content":{"rendered":"","protected":false},"excerpt":{"rendered":"<p>Cu\u1ed1n s\u00e1ch n\u00e0y gi\u00fap ch\u00fang ta c\u00f3 th\u1ec3 hi\u1ec3u \u0111\u01b0\u1ee3c ch\u00ednh m\u00ecnh v\u00e0 ng\u01b0\u1eddi xung quanh th\u00f4ng qua nh\u1eefng h\u00e0nh vi th\u01b0\u1eddng ng\u00e0y.<\/p>\n","protected":false},"featured_media":5170,"comment_status":"closed","ping_status":"closed","template":"","meta":[],"product_cat":[30,28],"product_tag":[],"yoast_head":"<!-- This site is optimized with the Yoast SEO plugin v21.5 - https:\/\/yoast.com\/wordpress\/plugins\/seo\/ -->\n<title>S\u00e1ch DISC B\u00ed m\u1eadt h\u00e0nh vi ch\u00eca kh\u00f3a th\u00e0nh c\u00f4ng - ActionCOACH Doanh Ch\u1ee7<\/title>\n<meta name=\"robots\" content=\"index, follow, max-snippet:-1, max-image-preview:large, max-video-preview:-1\" \/>\n<link rel=\"canonical\" href=\"https:\/\/isharkcoaching.com\/product\/sach-disc-bi-mat-hanh-vi-chia-khoa-thanh-cong\/\" \/>\n<meta property=\"og:locale\" content=\"en_US\" \/>\n<meta property=\"og:type\" content=\"article\" \/>\n<meta property=\"og:title\" content=\"S\u00e1ch DISC B\u00ed m\u1eadt h\u00e0nh vi ch\u00eca kh\u00f3a th\u00e0nh c\u00f4ng - ActionCOACH Doanh Ch\u1ee7\" \/>\n<meta property=\"og:description\" content=\"Cu\u1ed1n s\u00e1ch n\u00e0y gi\u00fap ch\u00fang ta c\u00f3 th\u1ec3 hi\u1ec3u \u0111\u01b0\u1ee3c ch\u00ednh m\u00ecnh v\u00e0 ng\u01b0\u1eddi xung quanh th\u00f4ng qua nh\u1eefng h\u00e0nh vi th\u01b0\u1eddng ng\u00e0y.\" \/>\n<meta property=\"og:url\" content=\"https:\/\/isharkcoaching.com\/product\/sach-disc-bi-mat-hanh-vi-chia-khoa-thanh-cong\/\" \/>\n<meta property=\"og:site_name\" content=\"ActionCOACH Doanh Ch\u1ee7\" \/>\n<meta property=\"article:modified_time\" content=\"2021-08-14T10:12:50+00:00\" \/>\n<meta property=\"og:image\" content=\"https:\/\/isharkcoaching.com\/wp-content\/uploads\/2021\/08\/DISC1.jpg\" \/>\n\t<meta property=\"og:image:width\" content=\"600\" \/>\n\t<meta property=\"og:image:height\" content=\"450\" \/>\n\t<meta property=\"og:image:type\" content=\"image\/jpeg\" \/>\n<meta name=\"twitter:card\" content=\"summary_large_image\" \/>\n<script type=\"application\/ld+json\" class=\"yoast-schema-graph\">{\"@context\":\"https:\/\/schema.org\",\"@graph\":[{\"@type\":\"WebPage\",\"@id\":\"https:\/\/isharkcoaching.com\/product\/sach-disc-bi-mat-hanh-vi-chia-khoa-thanh-cong\/\",\"url\":\"https:\/\/isharkcoaching.com\/product\/sach-disc-bi-mat-hanh-vi-chia-khoa-thanh-cong\/\",\"name\":\"S\u00e1ch DISC B\u00ed m\u1eadt h\u00e0nh vi ch\u00eca kh\u00f3a th\u00e0nh c\u00f4ng - ActionCOACH Doanh Ch\u1ee7\",\"isPartOf\":{\"@id\":\"https:\/\/isharkcoaching.com\/#website\"},\"datePublished\":\"2021-08-14T09:31:02+00:00\",\"dateModified\":\"2021-08-14T10:12:50+00:00\",\"breadcrumb\":{\"@id\":\"https:\/\/isharkcoaching.com\/product\/sach-disc-bi-mat-hanh-vi-chia-khoa-thanh-cong\/#breadcrumb\"},\"inLanguage\":\"en-US\",\"potentialAction\":[{\"@type\":\"ReadAction\",\"target\":[\"https:\/\/isharkcoaching.com\/product\/sach-disc-bi-mat-hanh-vi-chia-khoa-thanh-cong\/\"]}]},{\"@type\":\"BreadcrumbList\",\"@id\":\"https:\/\/isharkcoaching.com\/product\/sach-disc-bi-mat-hanh-vi-chia-khoa-thanh-cong\/#breadcrumb\",\"itemListElement\":[{\"@type\":\"ListItem\",\"position\":1,\"name\":\"Trang ch\u1ee7\",\"item\":\"https:\/\/isharkcoaching.com\/en\/\"},{\"@type\":\"ListItem\",\"position\":2,\"name\":\"Shop\",\"item\":\"https:\/\/isharkcoaching.com\/shop\/\"},{\"@type\":\"ListItem\",\"position\":3,\"name\":\"S\u00e1ch DISC B\u00ed m\u1eadt h\u00e0nh vi ch\u00eca kh\u00f3a th\u00e0nh c\u00f4ng\"}]},{\"@type\":\"WebSite\",\"@id\":\"https:\/\/isharkcoaching.com\/#website\",\"url\":\"https:\/\/isharkcoaching.com\/\",\"name\":\"ActionCOACH Doanh Ch\u1ee7\",\"description\":\"ActionCOACH Doanh Ch\u1ee7\",\"publisher\":{\"@id\":\"https:\/\/isharkcoaching.com\/#organization\"},\"potentialAction\":[{\"@type\":\"SearchAction\",\"target\":{\"@type\":\"EntryPoint\",\"urlTemplate\":\"https:\/\/isharkcoaching.com\/?s={search_term_string}\"},\"query-input\":\"required name=search_term_string\"}],\"inLanguage\":\"en-US\"},{\"@type\":\"Organization\",\"@id\":\"https:\/\/isharkcoaching.com\/#organization\",\"name\":\"ActionCoach Doanh Ch\u1ee7\",\"url\":\"https:\/\/isharkcoaching.com\/\",\"logo\":{\"@type\":\"ImageObject\",\"inLanguage\":\"en-US\",\"@id\":\"https:\/\/isharkcoaching.com\/#\/schema\/logo\/image\/\",\"url\":\"https:\/\/cdn.actioncoachdoanhchu.com\/ac\/uploads\/2021\/09\/08094327\/cropped-Logo-412X122.png\",\"contentUrl\":\"https:\/\/cdn.actioncoachdoanhchu.com\/ac\/uploads\/2021\/09\/08094327\/cropped-Logo-412X122.png\",\"width\":412,\"height\":122,\"caption\":\"ActionCoach Doanh Ch\u1ee7\"},\"image\":{\"@id\":\"https:\/\/isharkcoaching.com\/#\/schema\/logo\/image\/\"}}]}<\/script>\n<!-- \/ Yoast SEO plugin. -->","yoast_head_json":{"title":"S\u00e1ch DISC B\u00ed m\u1eadt h\u00e0nh vi ch\u00eca kh\u00f3a th\u00e0nh c\u00f4ng - ActionCOACH Doanh Ch\u1ee7","robots":{"index":"index","follow":"follow","max-snippet":"max-snippet:-1","max-image-preview":"max-image-preview:large","max-video-preview":"max-video-preview:-1"},"canonical":"https:\/\/isharkcoaching.com\/product\/sach-disc-bi-mat-hanh-vi-chia-khoa-thanh-cong\/","og_locale":"en_US","og_type":"article","og_title":"S\u00e1ch DISC B\u00ed m\u1eadt h\u00e0nh vi ch\u00eca kh\u00f3a th\u00e0nh c\u00f4ng - ActionCOACH Doanh Ch\u1ee7","og_description":"Cu\u1ed1n s\u00e1ch n\u00e0y gi\u00fap ch\u00fang ta c\u00f3 th\u1ec3 hi\u1ec3u \u0111\u01b0\u1ee3c ch\u00ednh m\u00ecnh v\u00e0 ng\u01b0\u1eddi xung quanh th\u00f4ng qua nh\u1eefng h\u00e0nh vi th\u01b0\u1eddng ng\u00e0y.","og_url":"https:\/\/isharkcoaching.com\/product\/sach-disc-bi-mat-hanh-vi-chia-khoa-thanh-cong\/","og_site_name":"ActionCOACH Doanh Ch\u1ee7","article_modified_time":"2021-08-14T10:12:50+00:00","og_image":[{"width":600,"height":450,"url":"https:\/\/isharkcoaching.com\/wp-content\/uploads\/2021\/08\/DISC1.jpg","type":"image\/jpeg"}],"twitter_card":"summary_large_image","schema":{"@context":"https:\/\/schema.org","@graph":[{"@type":"WebPage","@id":"https:\/\/isharkcoaching.com\/product\/sach-disc-bi-mat-hanh-vi-chia-khoa-thanh-cong\/","url":"https:\/\/isharkcoaching.com\/product\/sach-disc-bi-mat-hanh-vi-chia-khoa-thanh-cong\/","name":"S\u00e1ch DISC B\u00ed m\u1eadt h\u00e0nh vi ch\u00eca kh\u00f3a th\u00e0nh c\u00f4ng - ActionCOACH Doanh Ch\u1ee7","isPartOf":{"@id":"https:\/\/isharkcoaching.com\/#website"},"datePublished":"2021-08-14T09:31:02+00:00","dateModified":"2021-08-14T10:12:50+00:00","breadcrumb":{"@id":"https:\/\/isharkcoaching.com\/product\/sach-disc-bi-mat-hanh-vi-chia-khoa-thanh-cong\/#breadcrumb"},"inLanguage":"en-US","potentialAction":[{"@type":"ReadAction","target":["https:\/\/isharkcoaching.com\/product\/sach-disc-bi-mat-hanh-vi-chia-khoa-thanh-cong\/"]}]},{"@type":"BreadcrumbList","@id":"https:\/\/isharkcoaching.com\/product\/sach-disc-bi-mat-hanh-vi-chia-khoa-thanh-cong\/#breadcrumb","itemListElement":[{"@type":"ListItem","position":1,"name":"Trang ch\u1ee7","item":"https:\/\/isharkcoaching.com\/en\/"},{"@type":"ListItem","position":2,"name":"Shop","item":"https:\/\/isharkcoaching.com\/shop\/"},{"@type":"ListItem","position":3,"name":"S\u00e1ch DISC B\u00ed m\u1eadt h\u00e0nh vi ch\u00eca kh\u00f3a th\u00e0nh c\u00f4ng"}]},{"@type":"WebSite","@id":"https:\/\/isharkcoaching.com\/#website","url":"https:\/\/isharkcoaching.com\/","name":"ActionCOACH Doanh Ch\u1ee7","description":"ActionCOACH Doanh Ch\u1ee7","publisher":{"@id":"https:\/\/isharkcoaching.com\/#organization"},"potentialAction":[{"@type":"SearchAction","target":{"@type":"EntryPoint","urlTemplate":"https:\/\/isharkcoaching.com\/?s={search_term_string}"},"query-input":"required name=search_term_string"}],"inLanguage":"en-US"},{"@type":"Organization","@id":"https:\/\/isharkcoaching.com\/#organization","name":"ActionCoach Doanh Ch\u1ee7","url":"https:\/\/isharkcoaching.com\/","logo":{"@type":"ImageObject","inLanguage":"en-US","@id":"https:\/\/isharkcoaching.com\/#\/schema\/logo\/image\/","url":"https:\/\/cdn.actioncoachdoanhchu.com\/ac\/uploads\/2021\/09\/08094327\/cropped-Logo-412X122.png","contentUrl":"https:\/\/cdn.actioncoachdoanhchu.com\/ac\/uploads\/2021\/09\/08094327\/cropped-Logo-412X122.png","width":412,"height":122,"caption":"ActionCoach Doanh Ch\u1ee7"},"image":{"@id":"https:\/\/isharkcoaching.com\/#\/schema\/logo\/image\/"}}]}},"_links":{"self":[{"href":"https:\/\/isharkcoaching.com\/en\/wp-json\/wp\/v3\/product\/5169"}],"collection":[{"href":"https:\/\/isharkcoaching.com\/en\/wp-json\/wp\/v3\/product"}],"about":[{"href":"https:\/\/isharkcoaching.com\/en\/wp-json\/wp\/v2\/types\/product"}],"replies":[{"embeddable":true,"href":"https:\/\/isharkcoaching.com\/en\/wp-json\/wp\/v2\/comments?post=5169"}],"wp:featuredmedia":[{"embeddable":true,"href":"https:\/\/isharkcoaching.com\/en\/wp-json\/wp\/v2\/media\/5170"}],"wp:attachment":[{"href":"https:\/\/isharkcoaching.com\/en\/wp-json\/wp\/v2\/media?parent=5169"}],"wp:term":[{"taxonomy":"product_cat","embeddable":true,"href":"https:\/\/isharkcoaching.com\/en\/wp-json\/wp\/v2\/product_cat?post=5169"},{"taxonomy":"product_tag","embeddable":true,"href":"https:\/\/isharkcoaching.com\/en\/wp-json\/wp\/v2\/product_tag?post=5169"}],"curies":[{"name":"wp","href":"https:\/\/api.w.org\/{rel}","templated":true}]}}