{"id":5176,"date":"2021-08-14T16:54:19","date_gmt":"2021-08-14T09:54:19","guid":{"rendered":"https:\/\/actioncoachdoanhchu.com\/?post_type=product&#038;p=5176"},"modified":"2021-08-14T17:06:08","modified_gmt":"2021-08-14T10:06:08","slug":"so-timerich-quan-tri-thoi-gian-hieu-qua","status":"publish","type":"product","link":"https:\/\/isharkcoaching.com\/en\/product\/so-timerich-quan-tri-thoi-gian-hieu-qua\/","title":{"rendered":"S\u1ed5 TimeRICH Qu\u1ea3n tr\u1ecb th\u1eddi gian hi\u1ec7u qu\u1ea3"},"content":{"rendered":"","protected":false},"excerpt":{"rendered":"<p>\ud83d\udca5C\u00e1ch b\u1ea1n \u0111\u1ea7u t\u01b0 th\u1eddi gian ch\u00ednh l\u00e0 ch\u00eca kh\u00f3a \u0111\u1ebfn th\u00e0nh c\u00f4ng.<\/p>\n","protected":false},"featured_media":5183,"comment_status":"closed","ping_status":"closed","template":"","meta":[],"product_cat":[30,28],"product_tag":[49,47,48,46],"yoast_head":"<!-- This site is optimized with the Yoast SEO plugin v21.5 - https:\/\/yoast.com\/wordpress\/plugins\/seo\/ -->\n<title>S\u1ed5 TimeRICH Qu\u1ea3n tr\u1ecb th\u1eddi gian hi\u1ec7u qu\u1ea3 - ActionCOACH Doanh Ch\u1ee7<\/title>\n<meta name=\"description\" content=\"Nh\u1eefng Ch\u1ee7 Doanh nghi\u1ec7p t\u00ecm ki\u1ebfm c\u00e1ch th\u1ee9c v\u00e0 c\u00f4ng c\u1ee5 \u0111\u1ec3 ki\u1ebfm th\u00eam nhi\u1ec1u Ti\u1ec1n h\u01a1n, ki\u1ec3m so\u00e1t Th\u1eddi Gian hi\u1ec7u qu\u1ea3 h\u01a1n v\u00e0 gi\u1ea3i ph\u00f3ng ch\u00ednh m\u00ecnh tho\u00e1t ra kh\u1ecfi doanh nghi\u1ec7p.\" \/>\n<meta name=\"robots\" content=\"index, follow, max-snippet:-1, max-image-preview:large, max-video-preview:-1\" \/>\n<link rel=\"canonical\" href=\"https:\/\/isharkcoaching.com\/product\/so-timerich-quan-tri-thoi-gian-hieu-qua\/\" \/>\n<meta property=\"og:locale\" content=\"en_US\" \/>\n<meta property=\"og:type\" content=\"article\" \/>\n<meta property=\"og:title\" content=\"S\u1ed5 TimeRICH Qu\u1ea3n tr\u1ecb th\u1eddi gian hi\u1ec7u qu\u1ea3 - ActionCOACH Doanh Ch\u1ee7\" \/>\n<meta property=\"og:description\" content=\"Nh\u1eefng Ch\u1ee7 Doanh nghi\u1ec7p t\u00ecm ki\u1ebfm c\u00e1ch th\u1ee9c v\u00e0 c\u00f4ng c\u1ee5 \u0111\u1ec3 ki\u1ebfm th\u00eam nhi\u1ec1u Ti\u1ec1n h\u01a1n, ki\u1ec3m so\u00e1t Th\u1eddi Gian hi\u1ec7u qu\u1ea3 h\u01a1n v\u00e0 gi\u1ea3i ph\u00f3ng ch\u00ednh m\u00ecnh tho\u00e1t ra kh\u1ecfi doanh nghi\u1ec7p.\" \/>\n<meta property=\"og:url\" content=\"https:\/\/isharkcoaching.com\/product\/so-timerich-quan-tri-thoi-gian-hieu-qua\/\" \/>\n<meta property=\"og:site_name\" content=\"ActionCOACH Doanh Ch\u1ee7\" \/>\n<meta property=\"article:modified_time\" content=\"2021-08-14T10:06:08+00:00\" \/>\n<meta property=\"og:image\" content=\"https:\/\/isharkcoaching.com\/wp-content\/uploads\/2021\/08\/z2683982877378_90dd8588c2b6c7ef38e0d06ec1740af8-1.jpg\" \/>\n\t<meta property=\"og:image:width\" content=\"2048\" \/>\n\t<meta property=\"og:image:height\" content=\"1536\" \/>\n\t<meta property=\"og:image:type\" content=\"image\/jpeg\" \/>\n<meta name=\"twitter:card\" content=\"summary_large_image\" \/>\n<script type=\"application\/ld+json\" class=\"yoast-schema-graph\">{\"@context\":\"https:\/\/schema.org\",\"@graph\":[{\"@type\":\"WebPage\",\"@id\":\"https:\/\/isharkcoaching.com\/product\/so-timerich-quan-tri-thoi-gian-hieu-qua\/\",\"url\":\"https:\/\/isharkcoaching.com\/product\/so-timerich-quan-tri-thoi-gian-hieu-qua\/\",\"name\":\"S\u1ed5 TimeRICH Qu\u1ea3n tr\u1ecb th\u1eddi gian hi\u1ec7u qu\u1ea3 - ActionCOACH Doanh Ch\u1ee7\",\"isPartOf\":{\"@id\":\"https:\/\/isharkcoaching.com\/#website\"},\"datePublished\":\"2021-08-14T09:54:19+00:00\",\"dateModified\":\"2021-08-14T10:06:08+00:00\",\"description\":\"Nh\u1eefng Ch\u1ee7 Doanh nghi\u1ec7p t\u00ecm ki\u1ebfm c\u00e1ch th\u1ee9c v\u00e0 c\u00f4ng c\u1ee5 \u0111\u1ec3 ki\u1ebfm th\u00eam nhi\u1ec1u Ti\u1ec1n h\u01a1n, ki\u1ec3m so\u00e1t Th\u1eddi Gian hi\u1ec7u qu\u1ea3 h\u01a1n v\u00e0 gi\u1ea3i ph\u00f3ng ch\u00ednh m\u00ecnh tho\u00e1t ra kh\u1ecfi doanh nghi\u1ec7p.\",\"breadcrumb\":{\"@id\":\"https:\/\/isharkcoaching.com\/product\/so-timerich-quan-tri-thoi-gian-hieu-qua\/#breadcrumb\"},\"inLanguage\":\"en-US\",\"potentialAction\":[{\"@type\":\"ReadAction\",\"target\":[\"https:\/\/isharkcoaching.com\/product\/so-timerich-quan-tri-thoi-gian-hieu-qua\/\"]}]},{\"@type\":\"BreadcrumbList\",\"@id\":\"https:\/\/isharkcoaching.com\/product\/so-timerich-quan-tri-thoi-gian-hieu-qua\/#breadcrumb\",\"itemListElement\":[{\"@type\":\"ListItem\",\"position\":1,\"name\":\"Trang ch\u1ee7\",\"item\":\"https:\/\/isharkcoaching.com\/en\/\"},{\"@type\":\"ListItem\",\"position\":2,\"name\":\"Shop\",\"item\":\"https:\/\/isharkcoaching.com\/shop\/\"},{\"@type\":\"ListItem\",\"position\":3,\"name\":\"S\u1ed5 TimeRICH Qu\u1ea3n tr\u1ecb th\u1eddi gian hi\u1ec7u qu\u1ea3\"}]},{\"@type\":\"WebSite\",\"@id\":\"https:\/\/isharkcoaching.com\/#website\",\"url\":\"https:\/\/isharkcoaching.com\/\",\"name\":\"ActionCOACH Doanh Ch\u1ee7\",\"description\":\"ActionCOACH Doanh Ch\u1ee7\",\"publisher\":{\"@id\":\"https:\/\/isharkcoaching.com\/#organization\"},\"potentialAction\":[{\"@type\":\"SearchAction\",\"target\":{\"@type\":\"EntryPoint\",\"urlTemplate\":\"https:\/\/isharkcoaching.com\/?s={search_term_string}\"},\"query-input\":\"required name=search_term_string\"}],\"inLanguage\":\"en-US\"},{\"@type\":\"Organization\",\"@id\":\"https:\/\/isharkcoaching.com\/#organization\",\"name\":\"ActionCoach Doanh Ch\u1ee7\",\"url\":\"https:\/\/isharkcoaching.com\/\",\"logo\":{\"@type\":\"ImageObject\",\"inLanguage\":\"en-US\",\"@id\":\"https:\/\/isharkcoaching.com\/#\/schema\/logo\/image\/\",\"url\":\"https:\/\/cdn.actioncoachdoanhchu.com\/ac\/uploads\/2021\/09\/08094327\/cropped-Logo-412X122.png\",\"contentUrl\":\"https:\/\/cdn.actioncoachdoanhchu.com\/ac\/uploads\/2021\/09\/08094327\/cropped-Logo-412X122.png\",\"width\":412,\"height\":122,\"caption\":\"ActionCoach Doanh Ch\u1ee7\"},\"image\":{\"@id\":\"https:\/\/isharkcoaching.com\/#\/schema\/logo\/image\/\"}}]}<\/script>\n<!-- \/ Yoast SEO plugin. -->","yoast_head_json":{"title":"S\u1ed5 TimeRICH Qu\u1ea3n tr\u1ecb th\u1eddi gian hi\u1ec7u qu\u1ea3 - ActionCOACH Doanh Ch\u1ee7","description":"Nh\u1eefng Ch\u1ee7 Doanh nghi\u1ec7p t\u00ecm ki\u1ebfm c\u00e1ch th\u1ee9c v\u00e0 c\u00f4ng c\u1ee5 \u0111\u1ec3 ki\u1ebfm th\u00eam nhi\u1ec1u Ti\u1ec1n h\u01a1n, ki\u1ec3m so\u00e1t Th\u1eddi Gian hi\u1ec7u qu\u1ea3 h\u01a1n v\u00e0 gi\u1ea3i ph\u00f3ng ch\u00ednh m\u00ecnh tho\u00e1t ra kh\u1ecfi doanh nghi\u1ec7p.","robots":{"index":"index","follow":"follow","max-snippet":"max-snippet:-1","max-image-preview":"max-image-preview:large","max-video-preview":"max-video-preview:-1"},"canonical":"https:\/\/isharkcoaching.com\/product\/so-timerich-quan-tri-thoi-gian-hieu-qua\/","og_locale":"en_US","og_type":"article","og_title":"S\u1ed5 TimeRICH Qu\u1ea3n tr\u1ecb th\u1eddi gian hi\u1ec7u qu\u1ea3 - ActionCOACH Doanh Ch\u1ee7","og_description":"Nh\u1eefng Ch\u1ee7 Doanh nghi\u1ec7p t\u00ecm ki\u1ebfm c\u00e1ch th\u1ee9c v\u00e0 c\u00f4ng c\u1ee5 \u0111\u1ec3 ki\u1ebfm th\u00eam nhi\u1ec1u Ti\u1ec1n h\u01a1n, ki\u1ec3m so\u00e1t Th\u1eddi Gian hi\u1ec7u qu\u1ea3 h\u01a1n v\u00e0 gi\u1ea3i ph\u00f3ng ch\u00ednh m\u00ecnh tho\u00e1t ra kh\u1ecfi doanh nghi\u1ec7p.","og_url":"https:\/\/isharkcoaching.com\/product\/so-timerich-quan-tri-thoi-gian-hieu-qua\/","og_site_name":"ActionCOACH Doanh Ch\u1ee7","article_modified_time":"2021-08-14T10:06:08+00:00","og_image":[{"width":2048,"height":1536,"url":"https:\/\/isharkcoaching.com\/wp-content\/uploads\/2021\/08\/z2683982877378_90dd8588c2b6c7ef38e0d06ec1740af8-1.jpg","type":"image\/jpeg"}],"twitter_card":"summary_large_image","schema":{"@context":"https:\/\/schema.org","@graph":[{"@type":"WebPage","@id":"https:\/\/isharkcoaching.com\/product\/so-timerich-quan-tri-thoi-gian-hieu-qua\/","url":"https:\/\/isharkcoaching.com\/product\/so-timerich-quan-tri-thoi-gian-hieu-qua\/","name":"S\u1ed5 TimeRICH Qu\u1ea3n tr\u1ecb th\u1eddi gian hi\u1ec7u qu\u1ea3 - ActionCOACH Doanh Ch\u1ee7","isPartOf":{"@id":"https:\/\/isharkcoaching.com\/#website"},"datePublished":"2021-08-14T09:54:19+00:00","dateModified":"2021-08-14T10:06:08+00:00","description":"Nh\u1eefng Ch\u1ee7 Doanh nghi\u1ec7p t\u00ecm ki\u1ebfm c\u00e1ch th\u1ee9c v\u00e0 c\u00f4ng c\u1ee5 \u0111\u1ec3 ki\u1ebfm th\u00eam nhi\u1ec1u Ti\u1ec1n h\u01a1n, ki\u1ec3m so\u00e1t Th\u1eddi Gian hi\u1ec7u qu\u1ea3 h\u01a1n v\u00e0 gi\u1ea3i ph\u00f3ng ch\u00ednh m\u00ecnh tho\u00e1t ra kh\u1ecfi doanh nghi\u1ec7p.","breadcrumb":{"@id":"https:\/\/isharkcoaching.com\/product\/so-timerich-quan-tri-thoi-gian-hieu-qua\/#breadcrumb"},"inLanguage":"en-US","potentialAction":[{"@type":"ReadAction","target":["https:\/\/isharkcoaching.com\/product\/so-timerich-quan-tri-thoi-gian-hieu-qua\/"]}]},{"@type":"BreadcrumbList","@id":"https:\/\/isharkcoaching.com\/product\/so-timerich-quan-tri-thoi-gian-hieu-qua\/#breadcrumb","itemListElement":[{"@type":"ListItem","position":1,"name":"Trang ch\u1ee7","item":"https:\/\/isharkcoaching.com\/en\/"},{"@type":"ListItem","position":2,"name":"Shop","item":"https:\/\/isharkcoaching.com\/shop\/"},{"@type":"ListItem","position":3,"name":"S\u1ed5 TimeRICH Qu\u1ea3n tr\u1ecb th\u1eddi gian hi\u1ec7u qu\u1ea3"}]},{"@type":"WebSite","@id":"https:\/\/isharkcoaching.com\/#website","url":"https:\/\/isharkcoaching.com\/","name":"ActionCOACH Doanh Ch\u1ee7","description":"ActionCOACH Doanh Ch\u1ee7","publisher":{"@id":"https:\/\/isharkcoaching.com\/#organization"},"potentialAction":[{"@type":"SearchAction","target":{"@type":"EntryPoint","urlTemplate":"https:\/\/isharkcoaching.com\/?s={search_term_string}"},"query-input":"required name=search_term_string"}],"inLanguage":"en-US"},{"@type":"Organization","@id":"https:\/\/isharkcoaching.com\/#organization","name":"ActionCoach Doanh Ch\u1ee7","url":"https:\/\/isharkcoaching.com\/","logo":{"@type":"ImageObject","inLanguage":"en-US","@id":"https:\/\/isharkcoaching.com\/#\/schema\/logo\/image\/","url":"https:\/\/cdn.actioncoachdoanhchu.com\/ac\/uploads\/2021\/09\/08094327\/cropped-Logo-412X122.png","contentUrl":"https:\/\/cdn.actioncoachdoanhchu.com\/ac\/uploads\/2021\/09\/08094327\/cropped-Logo-412X122.png","width":412,"height":122,"caption":"ActionCoach Doanh Ch\u1ee7"},"image":{"@id":"https:\/\/isharkcoaching.com\/#\/schema\/logo\/image\/"}}]}},"_links":{"self":[{"href":"https:\/\/isharkcoaching.com\/en\/wp-json\/wp\/v3\/product\/5176"}],"collection":[{"href":"https:\/\/isharkcoaching.com\/en\/wp-json\/wp\/v3\/product"}],"about":[{"href":"https:\/\/isharkcoaching.com\/en\/wp-json\/wp\/v2\/types\/product"}],"replies":[{"embeddable":true,"href":"https:\/\/isharkcoaching.com\/en\/wp-json\/wp\/v2\/comments?post=5176"}],"wp:featuredmedia":[{"embeddable":true,"href":"https:\/\/isharkcoaching.com\/en\/wp-json\/wp\/v2\/media\/5183"}],"wp:attachment":[{"href":"https:\/\/isharkcoaching.com\/en\/wp-json\/wp\/v2\/media?parent=5176"}],"wp:term":[{"taxonomy":"product_cat","embeddable":true,"href":"https:\/\/isharkcoaching.com\/en\/wp-json\/wp\/v2\/product_cat?post=5176"},{"taxonomy":"product_tag","embeddable":true,"href":"https:\/\/isharkcoaching.com\/en\/wp-json\/wp\/v2\/product_tag?post=5176"}],"curies":[{"name":"wp","href":"https:\/\/api.w.org\/{rel}","templated":true}]}}